{"id":686,"date":"2022-12-08T02:33:11","date_gmt":"2022-12-08T02:33:11","guid":{"rendered":"https:\/\/wanitaec.com\/?post_type=product&#038;p=686"},"modified":"2022-12-08T02:33:11","modified_gmt":"2022-12-08T02:33:11","slug":"pancake-de-avena","status":"publish","type":"product","link":"https:\/\/wanitaec.com\/index.php\/producto\/pancake-de-avena\/","title":{"rendered":"Pancake de avena"},"content":{"rendered":"<p>Pancake de avena con banda, salsa especial Wanita, fresas, ar\u00e1ndanos, \u00a0mantequilla de man\u00ed y semillas de ch\u00eda, con miel de panela<\/p>\n<p>Incluye t\u00e9 o caf\u00e9 y jugo del d\u00eda<\/p>\n","protected":false},"excerpt":{"rendered":"<p>Pancake de avena con banda, salsa especial Wanita, fresas, ar\u00e1ndanos, \u00a0mantequilla de man\u00ed y semillas de ch\u00eda, con miel de panela<\/p>\n<p>Incluye t\u00e9 o caf\u00e9 y jugo del d\u00eda<\/p>\n","protected":false},"featured_media":690,"comment_status":"open","ping_status":"closed","template":"","meta":[],"product_brand":[],"product_cat":[96],"product_tag":[99,97],"class_list":{"0":"post-686","1":"product","2":"type-product","3":"status-publish","4":"has-post-thumbnail","6":"product_cat-desayunos","7":"product_tag-crepes","8":"product_tag-desayunos","10":"first","11":"instock","12":"shipping-taxable","13":"purchasable","14":"product-type-simple"},"jetpack_sharing_enabled":true,"_links":{"self":[{"href":"https:\/\/wanitaec.com\/index.php\/wp-json\/wp\/v2\/product\/686","targetHints":{"allow":["GET"]}}],"collection":[{"href":"https:\/\/wanitaec.com\/index.php\/wp-json\/wp\/v2\/product"}],"about":[{"href":"https:\/\/wanitaec.com\/index.php\/wp-json\/wp\/v2\/types\/product"}],"replies":[{"embeddable":true,"href":"https:\/\/wanitaec.com\/index.php\/wp-json\/wp\/v2\/comments?post=686"}],"wp:featuredmedia":[{"embeddable":true,"href":"https:\/\/wanitaec.com\/index.php\/wp-json\/wp\/v2\/media\/690"}],"wp:attachment":[{"href":"https:\/\/wanitaec.com\/index.php\/wp-json\/wp\/v2\/media?parent=686"}],"wp:term":[{"taxonomy":"product_brand","embeddable":true,"href":"https:\/\/wanitaec.com\/index.php\/wp-json\/wp\/v2\/product_brand?post=686"},{"taxonomy":"product_cat","embeddable":true,"href":"https:\/\/wanitaec.com\/index.php\/wp-json\/wp\/v2\/product_cat?post=686"},{"taxonomy":"product_tag","embeddable":true,"href":"https:\/\/wanitaec.com\/index.php\/wp-json\/wp\/v2\/product_tag?post=686"}],"curies":[{"name":"wp","href":"https:\/\/api.w.org\/{rel}","templated":true}]}}